{"id":25351,"date":"2024-05-05T15:19:51","date_gmt":"2024-05-05T13:19:51","guid":{"rendered":"http:\/\/bemmschlaeger.de\/?page_id=25351"},"modified":"2024-05-23T17:38:50","modified_gmt":"2024-05-23T15:38:50","slug":"25351-2","status":"publish","type":"page","link":"https:\/\/bemmschlaeger.de\/?page_id=25351","title":{"rendered":"FAQ"},"content":{"rendered":"<p>[et_pb_section fb_built=&#8220;1&#8243; admin_label=&#8220;FAQ Section&#8220; _builder_version=&#8220;4.16&#8243; custom_padding=&#8220;0px||90px|||&#8220; global_colors_info=&#8220;{}&#8220;][et_pb_row admin_label=&#8220;FAQ&#8220; _builder_version=&#8220;4.16&#8243; max_width=&#8220;900px&#8220; use_custom_width=&#8220;on&#8220; custom_width_px=&#8220;900px&#8220; global_colors_info=&#8220;{}&#8220;][et_pb_column type=&#8220;4_4&#8243; _builder_version=&#8220;4.16&#8243; custom_padding=&#8220;|||&#8220; global_colors_info=&#8220;{}&#8220; custom_padding__hover=&#8220;|||&#8220;][et_pb_accordion open_toggle_background_color=&#8220;rgba(0,0,0,0.03)&#8220; closed_toggle_background_color=&#8220;rgba(0,0,0,0)&#8220; icon_color=&#8220;#f46624&#8243; _builder_version=&#8220;4.25.0&#8243; toggle_text_color=&#8220;#333333&#8243; toggle_font=&#8220;Montserrat||||||||&#8220; toggle_line_height=&#8220;1.5em&#8220; body_font=&#8220;||||||||&#8220; body_font_size=&#8220;16px&#8220; body_line_height=&#8220;1.8em&#8220; custom_margin=&#8220;32px|||||&#8220; border_style_all=&#8220;none&#8220; global_colors_info=&#8220;{}&#8220;][et_pb_accordion_item title=&#8220;H\u00e4ufig gestellte Fragen\/FAQ&#8220; open=&#8220;off&#8220; _builder_version=&#8220;4.25.0&#8243; global_colors_info=&#8220;{}&#8220;]<\/p>\n<p>Obwohl sich unsere Kunst haupts\u00e4chlich nur an das Geh\u00f6r und das Gef\u00fchl richtet, erreichen uns h\u00e4ufig Fragen bez\u00fcglich der Technik, die hinter der Kunst des Bemmschlagens steckt. Die h\u00e4ufigsten Fragen haben wir hier zusammen getragen. Weitere Fragen sind jederzeit willkommen.<\/p>\n<p>[\/et_pb_accordion_item][et_pb_accordion_item title=&#8220;Was ist %22Bemmschlagen%22?&#8220; _builder_version=&#8220;4.25.0&#8243; global_colors_info=&#8220;{}&#8220; open=&#8220;off&#8220;]<\/p>\n<p><span>\u00a0Ein feierliches Glockenspiel an der kath. Pfarrkirche St. Suitbertus in Rheinbrohl in der Osterzeit und anl\u00e4sslich hoher kirchlicher Feiertage.<\/span><\/p>\n<p>[\/et_pb_accordion_item][et_pb_accordion_item title=&#8220;Wie geht %22Bemmschlagen%22?&#8220; _builder_version=&#8220;4.25.0&#8243; global_colors_info=&#8220;{}&#8220; open=&#8220;off&#8220;]<\/p>\n<p><span style=\"font-family: Verdana, Arial, Helvetica, sans-serif;\"><b>Gro\u00dfe Bemm:<br \/><\/b><\/span><span style=\"font-family: Verdana, Arial, Helvetica, sans-serif;\">Eine gro\u00dfe Glocke wird automatisch gel\u00e4utet und gibt so den Takt vor. Damit diese Glocke beim Ein- und Ausschwingen nicht unregelm\u00e4\u00dfig anschl\u00e4gt, wird deren Kl\u00f6ppel von einem Bemmschl\u00e4ger so lange abgefangen, bis die Glocke den richtigen Schwung hat. Erst dann wird er gegen die Glockenwand angeschlagen. Zwei kleinere Glocken werden an ihren Schwungr\u00e4dern festgestellt, deren Kl\u00f6ppel werden ca. 4 cm vor die Glockenwand gespannt und dann \u00fcber ein Drahtseil in einer althergebrachten Melodie angeschlagen.<\/span><\/p>\n<p><span style=\"font-family: Verdana, Arial, Helvetica, sans-serif;\"><\/span><\/p>\n<p><span style=\"font-family: Verdana, Arial, Helvetica, sans-serif;\"><b>Kleine &#8222;Bemm&#8220;:<\/b><br \/><span>Die taktgebende Glocke wird von Hand angeschlagen. Die kleineren Glocken werden wie bei der gro\u00dfen &#8222;Bemm&#8220; gel\u00e4utet.<\/span><\/span><\/p>\n<p>[\/et_pb_accordion_item][et_pb_accordion_item title=&#8220;Gibt es %22Bemmschlagen%22 auch woanders?&#8220; _builder_version=&#8220;4.25.0&#8243; global_colors_info=&#8220;{}&#8220; open=&#8220;off&#8220;]<\/p>\n<p><span>In vielen Orten &#8211; insbesondere im Rheinland &#8211; wird die Traditione des &#8222;Glockenbeierns&#8220; ausge\u00fcbt. So auch zum Beispiel in unseren Nachbargemeinden Leubsdorf oder Ahrweiler (da wird allerdings gedingelt).<\/span><\/p>\n<p>Im Unterschied zum Bemmschlagen, bei dem die Taktglocke bei der gro\u00dfen Bemm schwingt,\u00a0 werden beim Beiern die\u00a0 Glocken selber nicht bewegt Die T\u00f6ne werden den Glocken durch anschlagen von Kl\u00f6ppeln oder mit H\u00e4mmern entlockt.\u00a0<\/p>\n<p>Jedes Glockenspiel ist vermutlich einzigartig, da auch die Bedingungen f\u00fcr das Beiern und Bemmschlagen aufgrund der baulichen Bedingungen und \u00dcberlieferungen sehr unterschiedlich sind.<\/p>\n<p>Sicherlich ist Rheinbrohl das Zusammenspiel zwischen schwingender Taktglocke, dem Einhalten\/Fangen des Kl\u00f6ppels und\u00a0 der verschiedenen Melodietouren vermutlich ein Alleinstellungsmerkmal. Aber nat\u00fcrlich ist es denkbar, dass es an anderer Stelle Kirchenmusiker gibt, die \u00e4hnlich agieren.<\/p>\n<p>[\/et_pb_accordion_item][et_pb_accordion_item title=&#8220;Hat das %22Bemmschlagen%22 eine besondere Bedeutung?&#8220; _builder_version=&#8220;4.25.0&#8243; global_colors_info=&#8220;{}&#8220; open=&#8220;off&#8220;]<\/p>\n<p><span>Das Bemmschlagen geh\u00f6rt zur Feier der heiligen Messe und erschallt zur Ehre Gottes und zur Freude der Menschen.<\/span><\/p>\n<p><span>Es k\u00fcndet bei besonderen Hoch\u00e4mtern mit der kleinen &#8222;Bemm&#8220; von der Wandlung und mit der gro\u00dfen &#8222;Bemm&#8220; vom Ende des Gottesdienstes. Au\u00dferdem ersetzt das Bemmschlagen an den Sonntagen der Osterzeit das morgendliche &#8222;Angelusl\u00e4uten&#8220;.<\/span><\/p>\n<p><span>F\u00fcr uns &#8211; und wir bilden uns ein, auch f\u00fcr die meisten Rheinbrohler &#8211; hat das Bemmschlagen eine besondere emotionale Bedeutung. Das feierliche Gel\u00e4ut bedeutet Heimat und Verbundenheit. <\/span>Aus der \u00dcberlieferung wissen wir, dass als nach dem Ende des 2. Weltkrieges das Gel\u00e4ut erstmals wieder erklang, der schwer gebeutelten Gemeinde damit ein Gef\u00fchl der Hoffnung und Freude vermitteln konnte. So wusste man, dass &#8222;de Junge&#8220; aus dem Krieg zurgekehrt waren und es schafften, auch ohne Glocken die Bemm zu schlagen. Denn die Glocken wurden im Krieg abtransportiert und sp\u00e4ter erst sp\u00e4ter wieder zur\u00fcck gebracht. Kurzerhand schleppte man Eisenbahnschienen auf den Glockenturm und lie\u00df die Tradition weiter leben.<\/p>\n<p><span><\/span><\/p>\n<p>[\/et_pb_accordion_item][et_pb_accordion_item title=&#8220;Kann man beim %22Bemmschlagen%22 zusehen?&#8220; _builder_version=&#8220;4.25.0&#8243; _module_preset=&#8220;default&#8220; global_colors_info=&#8220;{}&#8220; open=&#8220;off&#8220;]<\/p>\n<p><span style=\"font-family: Verdana, Arial, Helvetica, sans-serif;\">Wer kletterfest und schwindelfrei ist kann sich bei der Bemmschl\u00e4gerzunft gerne zu einer Besichtigung anmelden. Die dabei traditionell zu entrichtende Spende in die Kaffeekasse der Zunft wird auch in halbtrockenem Wein akzeptiert.<\/span><\/p>\n<p>[\/et_pb_accordion_item][et_pb_accordion_item title=&#8220;Wo kann man mehr \u00fcber das %22Bemmschlagen%22 erfahren?&#8220; _builder_version=&#8220;4.25.0&#8243; _module_preset=&#8220;default&#8220; global_colors_info=&#8220;{}&#8220; open=&#8220;off&#8220;]<\/p>\n<p>&nbsp;<\/p>\n<p><span style=\"font-family: Verdana, Arial, Helvetica, sans-serif;\">\u00dcber das Bemmschlagen wurde in folgenden Publikationen berichtet: Alois D\u00f6ring &#8222;Das Glockenbeiern im Rheinland&#8220;, Rheinland-Verlag GmbH K\u00f6ln, 1988, ISBN 3-7927-0905-8, Band 4 der Beitr\u00e4ge zur rheinischen Volkskunde des Amtes f\u00fcr rheinische Landeskunde, Bonn<\/span><\/p>\n<p>[\/et_pb_accordion_item][et_pb_accordion_item title=&#8220;Wie ersetzten die Bemmschl\u00e4ger die verloren gegangenen Mineralien?&#8220; _builder_version=&#8220;4.25.0&#8243; _module_preset=&#8220;default&#8220; global_colors_info=&#8220;{}&#8220; open=&#8220;on&#8220;]<\/p>\n<p>Der Aufstieg zur Glockenstube, das Montieren der Glocken und das Bemmschlagen sind sehr anstrengend und verbrauchen viele Mineralien. Um diese zu ersetzen greifen die Bemmschl\u00e4ger auf jahrtausendealtes Heilwissen zur\u00fcck und wenden folgendes geheimnisvolles Ritual an:<\/p>\n<p><strong>R<\/strong>\u00fcckf\u00fchrung<\/p>\n<p><strong>I<\/strong>sotonisch<\/p>\n<p><strong>E<\/strong>lektrolytischer<\/p>\n<p><strong>S<\/strong>ubstrate zur<\/p>\n<p><strong>L<\/strong>inderung<\/p>\n<p><strong>I<\/strong>ntensiv-<\/p>\n<p><strong>N<\/strong>\u00e4hrstoffbeanspruchender<\/p>\n<p><strong>G<\/strong>anzk\u00f6rperarbeit<\/p>\n<p>Abgek\u00fcrzt: <strong>RIESLING<\/strong><\/p>\n<p>[\/et_pb_accordion_item][\/et_pb_accordion][\/et_pb_column][\/et_pb_row][\/et_pb_section][et_pb_section fb_built=&#8220;1&#8243; admin_label=&#8220;Feature Section&#8220; _builder_version=&#8220;4.16&#8243; custom_padding=&#8220;0px||0px|&#8220; global_colors_info=&#8220;{}&#8220;][\/et_pb_section]<\/p>\n","protected":false},"excerpt":{"rendered":"<p>Obwohl sich unsere Kunst haupts\u00e4chlich nur an das Geh\u00f6r und das Gef\u00fchl richtet, erreichen uns h\u00e4ufig Fragen bez\u00fcglich der Technik, die hinter der Kunst des Bemmschlagens steckt. Die h\u00e4ufigsten Fragen haben wir hier zusammen getragen. Weitere Fragen sind jederzeit willkommen.\u00a0Ein feierliches Glockenspiel an der kath. Pfarrkirche St. Suitbertus in Rheinbrohl in der Osterzeit und anl\u00e4sslich [&hellip;]<\/p>\n","protected":false},"author":1,"featured_media":0,"parent":0,"menu_order":0,"comment_status":"closed","ping_status":"closed","template":"","meta":{"_et_pb_use_builder":"on","_et_pb_old_content":"","_et_gb_content_width":"","footnotes":""},"class_list":["post-25351","page","type-page","status-publish","hentry"],"_links":{"self":[{"href":"https:\/\/bemmschlaeger.de\/index.php?rest_route=\/wp\/v2\/pages\/25351","targetHints":{"allow":["GET"]}}],"collection":[{"href":"https:\/\/bemmschlaeger.de\/index.php?rest_route=\/wp\/v2\/pages"}],"about":[{"href":"https:\/\/bemmschlaeger.de\/index.php?rest_route=\/wp\/v2\/types\/page"}],"author":[{"embeddable":true,"href":"https:\/\/bemmschlaeger.de\/index.php?rest_route=\/wp\/v2\/users\/1"}],"replies":[{"embeddable":true,"href":"https:\/\/bemmschlaeger.de\/index.php?rest_route=%2Fwp%2Fv2%2Fcomments&post=25351"}],"version-history":[{"count":7,"href":"https:\/\/bemmschlaeger.de\/index.php?rest_route=\/wp\/v2\/pages\/25351\/revisions"}],"predecessor-version":[{"id":25455,"href":"https:\/\/bemmschlaeger.de\/index.php?rest_route=\/wp\/v2\/pages\/25351\/revisions\/25455"}],"wp:attachment":[{"href":"https:\/\/bemmschlaeger.de\/index.php?rest_route=%2Fwp%2Fv2%2Fmedia&parent=25351"}],"curies":[{"name":"wp","href":"https:\/\/api.w.org\/{rel}","templated":true}]}}