{"id":25394,"date":"2024-05-05T20:19:33","date_gmt":"2024-05-05T18:19:33","guid":{"rendered":"http:\/\/bemmschlaeger.de\/?page_id=25394"},"modified":"2024-05-23T20:47:02","modified_gmt":"2024-05-23T18:47:02","slug":"25394-2","status":"publish","type":"page","link":"https:\/\/bemmschlaeger.de\/?page_id=25394","title":{"rendered":"Aktuelles"},"content":{"rendered":"<p>[et_pb_section fb_built=&#8220;1&#8243; _builder_version=&#8220;4.25.0&#8243; _module_preset=&#8220;default&#8220; global_colors_info=&#8220;{}&#8220;][et_pb_row _builder_version=&#8220;4.25.0&#8243; _module_preset=&#8220;default&#8220; global_colors_info=&#8220;{}&#8220;][et_pb_column type=&#8220;4_4&#8243; _builder_version=&#8220;4.25.0&#8243; _module_preset=&#8220;default&#8220; global_colors_info=&#8220;{}&#8220;][et_pb_accordion _builder_version=&#8220;4.25.0&#8243; _module_preset=&#8220;default&#8220; hover_enabled=&#8220;0&#8243; global_colors_info=&#8220;{}&#8220; sticky_enabled=&#8220;0&#8243;][et_pb_accordion_item title=&#8220;Josef Scheidgen f\u00fcr 75 Jahre Mitgliedschaft geehrt &#8220; _builder_version=&#8220;4.25.0&#8243; _module_preset=&#8220;default&#8220; global_colors_info=&#8220;{}&#8220; open=&#8220;on&#8220;]<\/p>\n<p>Die Bemmschl\u00e4gerzunft in Rheinbrohl besteht seit \u00fcber 260 Jahren. <span style=\"font-size: 14px;\">Davon wurden 75 Jahre ma\u00dfgeblich durch Josef Scheidgen gestaltet. <\/span><\/p>\n<p><span style=\"font-size: 14px;\">Schon als Jugendlicher hat Josef Scheidgen mit dem Bemmschlagen begonnen. F\u00fcr dieses liturgische Ehrenamt \u00fcbte er jahrzehntelang das \u201eEinhalten und Anschlagen\u201c des Kl\u00f6ppels der \u00fcber einen Elektromotor angetriebenen taktgebenden Christk\u00f6nigsglocke (von den Bemmschl\u00e4gern in Erinnerung an Pastor Cornelius Vogt liebevoll \u201eder dicke Nel\u201c genannt) f\u00fcr die \u201eGro\u00dfe Bemm\u201c aus. Au\u00dferdem hat er bei der \u201eKleinen Bemm\u201c mit dem Kl\u00f6ppel dieser Glocke von Hand mit der Pr\u00e4zision eines Uhrwerks den Takt f\u00fcr die althergebrachte Melodie vorgegeben. <\/span><\/p>\n<p><span style=\"font-size: 14px;\">Dar\u00fcber hinaus engagierte er sich stets auch f\u00fcr die Aktivit\u00e4ten der Bemmschl\u00e4ger au\u00dferhalb des Kirchturms, so z. B. die Errichtung und die Unterhaltung der Bemmschl\u00e4gerbude in der \u201eAlten Hohl\u201c sowie der Schutzh\u00fctte an der Kaisereiche. <\/span><\/p>\n<p><span style=\"font-size: 14px;\">Auch der Bau von Festwagen f\u00fcr die Historischen Festz\u00fcge bzw. den Winzerzug 2009 erfolgte unter seiner Mitwirkung. Besonderer Verdienst f\u00e4llt Josef Scheidgen zu, dass er im Jahre 1995 bei der Installation der neuen Friedensglocke f\u00fcr die fachgerechte Aufh\u00e4ngung der Christk\u00f6nigsglocke zur Fortf\u00fchrung des Bemmschlagens Sorge getragen hat. Anl\u00e4sslich des Familienfestes der Bemmschl\u00e4ger wurden Josef Scheidgen und seiner Ehefrau Edeltraud \u2013 die in all den Jahren immer wieder f\u00fcr das leibliche Wohl der Bemmschl\u00e4ger sorgte \u2013 <strong>Dank und die Anerkennung der Zunft<\/strong> f\u00fcr die jahrzehntelange Treue ausgesprochen.<\/span><\/p>\n<p><span style=\"font-size: 14px;\"> Diesem Dank haben sich Pfarrverwalter Pater Magnus Ifedikwa f\u00fcr die Kirchengemeinde und Ortsb\u00fcrgermeister Oliver Labonde f\u00fcr die Zivilgemeinde angeschlossen.<\/span><\/p>\n<p>[\/et_pb_accordion_item][et_pb_accordion_item title=&#8220;RPR1 sended Bemmschl\u00e4ger in der Sendung %22Einfach himmlisch%22&#8243; open=&#8220;off&#8220; _builder_version=&#8220;4.25.0&#8243; _module_preset=&#8220;default&#8220; hover_enabled=&#8220;0&#8243; global_colors_info=&#8220;{}&#8220; sticky_enabled=&#8220;0&#8243;]<\/p>\n<p>Am 13.04.2024 besuchte der RPR1-Radioreporter Martin Sauter die Bemmschl\u00e4ger. Beeindruckt von der Kunst des Bemmschlagens schuf er einen\u00a0 h\u00f6renswerten Radiobeitrag, der dann von RPR1 in der Sendung &#8222;Einfach himmlisch&#8220; gesendet wurde.<\/p>\n<p>&nbsp;<\/p>\n<audio class=\"wp-audio-shortcode\" id=\"audio-25394-1\" preload=\"none\" style=\"width: 100%;\" controls=\"controls\"><source type=\"audio\/mpeg\" src=\"https:\/\/bemmschlaeger.de\/wp-content\/uploads\/2024\/05\/Bemmschlaeger.mp3?_=1\" \/><a href=\"https:\/\/bemmschlaeger.de\/wp-content\/uploads\/2024\/05\/Bemmschlaeger.mp3\">https:\/\/bemmschlaeger.de\/wp-content\/uploads\/2024\/05\/Bemmschlaeger.mp3<\/a><\/audio>\n<p>[\/et_pb_accordion_item][\/et_pb_accordion][\/et_pb_column][\/et_pb_row][\/et_pb_section]<\/p>\n","protected":false},"excerpt":{"rendered":"<p>Die Bemmschl\u00e4gerzunft in Rheinbrohl besteht seit \u00fcber 260 Jahren. Davon wurden 75 Jahre ma\u00dfgeblich durch Josef Scheidgen gestaltet. Schon als Jugendlicher hat Josef Scheidgen mit dem Bemmschlagen begonnen. F\u00fcr dieses liturgische Ehrenamt \u00fcbte er jahrzehntelang das \u201eEinhalten und Anschlagen\u201c des Kl\u00f6ppels der \u00fcber einen Elektromotor angetriebenen taktgebenden Christk\u00f6nigsglocke (von den Bemmschl\u00e4gern in Erinnerung an Pastor [&hellip;]<\/p>\n","protected":false},"author":1,"featured_media":0,"parent":0,"menu_order":0,"comment_status":"closed","ping_status":"closed","template":"","meta":{"_et_pb_use_builder":"on","_et_pb_old_content":"","_et_gb_content_width":"","footnotes":""},"class_list":["post-25394","page","type-page","status-publish","hentry"],"_links":{"self":[{"href":"https:\/\/bemmschlaeger.de\/index.php?rest_route=\/wp\/v2\/pages\/25394","targetHints":{"allow":["GET"]}}],"collection":[{"href":"https:\/\/bemmschlaeger.de\/index.php?rest_route=\/wp\/v2\/pages"}],"about":[{"href":"https:\/\/bemmschlaeger.de\/index.php?rest_route=\/wp\/v2\/types\/page"}],"author":[{"embeddable":true,"href":"https:\/\/bemmschlaeger.de\/index.php?rest_route=\/wp\/v2\/users\/1"}],"replies":[{"embeddable":true,"href":"https:\/\/bemmschlaeger.de\/index.php?rest_route=%2Fwp%2Fv2%2Fcomments&post=25394"}],"version-history":[{"count":13,"href":"https:\/\/bemmschlaeger.de\/index.php?rest_route=\/wp\/v2\/pages\/25394\/revisions"}],"predecessor-version":[{"id":25458,"href":"https:\/\/bemmschlaeger.de\/index.php?rest_route=\/wp\/v2\/pages\/25394\/revisions\/25458"}],"wp:attachment":[{"href":"https:\/\/bemmschlaeger.de\/index.php?rest_route=%2Fwp%2Fv2%2Fmedia&parent=25394"}],"curies":[{"name":"wp","href":"https:\/\/api.w.org\/{rel}","templated":true}]}}