{"id":25401,"date":"2024-05-05T20:27:27","date_gmt":"2024-05-05T18:27:27","guid":{"rendered":"http:\/\/bemmschlaeger.de\/?page_id=25401"},"modified":"2024-05-05T20:27:28","modified_gmt":"2024-05-05T18:27:28","slug":"kontakt","status":"publish","type":"page","link":"https:\/\/bemmschlaeger.de\/?page_id=25401","title":{"rendered":"Kontakt"},"content":{"rendered":"\n[et_pb_section fb_built=&#8220;1&#8243; _builder_version=&#8220;4.16&#8243; global_colors_info=&#8220;{}&#8220; theme_builder_area=&#8220;post_content&#8220;][et_pb_row _builder_version=&#8220;4.25.0&#8243; _module_preset=&#8220;default&#8220; global_colors_info=&#8220;{}&#8220; theme_builder_area=&#8220;post_content&#8220;][et_pb_column type=&#8220;4_4&#8243; _builder_version=&#8220;4.25.0&#8243; _module_preset=&#8220;default&#8220; global_colors_info=&#8220;{}&#8220; theme_builder_area=&#8220;post_content&#8220;][et_pb_text _builder_version=&#8220;4.25.0&#8243; _module_preset=&#8220;default&#8220; global_colors_info=&#8220;{}&#8220; theme_builder_area=&#8220;post_content&#8220;]<h4 class=\"et_pb_module_header\"><span>Kontakt<\/span><\/h4>\n<div class=\"et_pb_blurb_description\">\n<div class=\"border p-3 mb-4\">\n<p>&nbsp;<\/p>\n<p><span style=\"font-size: 18px;\"><b>Wir freuen uns \u00fcber deine Kontaktaufnahme. Grunds\u00e4tzlich ist jeder Bemmschl\u00e4ger auch Ansprechpartner und gerne bereit bei Fragen Auskunft zu geben.<\/b><\/span><\/p>\n<p>&nbsp;<\/p>\n<p>\u00a0Im Zweifelsfall gen\u00fcgt aber eine kurze Mail an <a href=\"mailto:info@bemmschlaeger.de\">info@bemmschlaeger.de<\/a> und wir melden uns.\u00a0<\/p>\n<p>&nbsp;<\/p>\n<p>Vielen Dank!<\/p>\n<p>&nbsp;<\/p>\n<p>&nbsp;<\/p>\n<address>\u00a0<\/address><\/div>\n<\/div>[\/et_pb_text][\/et_pb_column][\/et_pb_row][\/et_pb_section]\n","protected":false},"excerpt":{"rendered":"<p>Kontakt &nbsp; Wir freuen uns \u00fcber deine Kontaktaufnahme. Grunds\u00e4tzlich ist jeder Bemmschl\u00e4ger auch Ansprechpartner und gerne bereit bei Fragen Auskunft zu geben. &nbsp; \u00a0Im Zweifelsfall gen\u00fcgt aber eine kurze Mail an info@bemmschlaeger.de und wir melden uns.\u00a0 &nbsp; Vielen Dank! &nbsp; &nbsp; \u00a0<\/p>\n","protected":false},"author":1,"featured_media":0,"parent":0,"menu_order":0,"comment_status":"closed","ping_status":"closed","template":"","meta":{"_et_pb_use_builder":"on","_et_pb_old_content":"","_et_gb_content_width":"","footnotes":""},"class_list":["post-25401","page","type-page","status-publish","hentry"],"_links":{"self":[{"href":"https:\/\/bemmschlaeger.de\/index.php?rest_route=\/wp\/v2\/pages\/25401","targetHints":{"allow":["GET"]}}],"collection":[{"href":"https:\/\/bemmschlaeger.de\/index.php?rest_route=\/wp\/v2\/pages"}],"about":[{"href":"https:\/\/bemmschlaeger.de\/index.php?rest_route=\/wp\/v2\/types\/page"}],"author":[{"embeddable":true,"href":"https:\/\/bemmschlaeger.de\/index.php?rest_route=\/wp\/v2\/users\/1"}],"replies":[{"embeddable":true,"href":"https:\/\/bemmschlaeger.de\/index.php?rest_route=%2Fwp%2Fv2%2Fcomments&post=25401"}],"version-history":[{"count":3,"href":"https:\/\/bemmschlaeger.de\/index.php?rest_route=\/wp\/v2\/pages\/25401\/revisions"}],"predecessor-version":[{"id":25405,"href":"https:\/\/bemmschlaeger.de\/index.php?rest_route=\/wp\/v2\/pages\/25401\/revisions\/25405"}],"wp:attachment":[{"href":"https:\/\/bemmschlaeger.de\/index.php?rest_route=%2Fwp%2Fv2%2Fmedia&parent=25401"}],"curies":[{"name":"wp","href":"https:\/\/api.w.org\/{rel}","templated":true}]}}