{"id":54,"date":"2024-05-05T13:53:34","date_gmt":"2024-05-05T11:53:34","guid":{"rendered":"http:\/\/bemmschlaeger.de\/?page_id=54"},"modified":"2024-05-05T14:04:42","modified_gmt":"2024-05-05T12:04:42","slug":"54-2","status":"publish","type":"page","link":"https:\/\/bemmschlaeger.de\/?page_id=54","title":{"rendered":"Satzung"},"content":{"rendered":"<p>[et_pb_section fb_built=&#8220;1&#8243; _builder_version=&#8220;4.16&#8243; global_colors_info=&#8220;{}&#8220;][et_pb_row column_structure=&#8220;1_4,3_4&#8243; _builder_version=&#8220;4.25.0&#8243; _module_preset=&#8220;default&#8220; global_colors_info=&#8220;{}&#8220;][et_pb_column type=&#8220;1_4&#8243; _builder_version=&#8220;4.25.0&#8243; _module_preset=&#8220;default&#8220; global_colors_info=&#8220;{}&#8220;][et_pb_image src=&#8220;https:\/\/bemmschlaeger.de\/wp-content\/uploads\/2024\/04\/wappen.gif&#8220; title_text=&#8220;wappen&#8220; _builder_version=&#8220;4.25.0&#8243; _module_preset=&#8220;default&#8220; global_colors_info=&#8220;{}&#8220;][\/et_pb_image][\/et_pb_column][et_pb_column type=&#8220;3_4&#8243; _builder_version=&#8220;4.25.0&#8243; _module_preset=&#8220;default&#8220; global_colors_info=&#8220;{}&#8220;][et_pb_text _builder_version=&#8220;4.25.0&#8243; _module_preset=&#8220;default&#8220; global_colors_info=&#8220;{}&#8220;]<\/p>\n<p><span style=\"font-size: large;\">Die hier aufgef\u00fchrte Satzung entspricht der alt \u00fcberlieferten Satzung, die wir in einem historischen Protokollbuch finden konnten. Heute w\u00fcrde man sicherlich einige Dinge anders formulieren. Nat\u00fcrlich orientieren wir uns auch heute noch an den Richtlinien der Satzung, allerdings haben wir einzelne Punkte an die Gegenwart angepasst. So hat es sich bew\u00e4hrt, Entscheidungen nach gemeinsamer Beratung mit allen Bemmschl\u00e4gern zu treffen. Aus diesen Gr\u00fcnden verzichten wir auf einen offiziellen Vorstand. Jedes Mitglied unserer Zunft ist Repr\u00e4sentant und ist sich dieser Verantwortung bewusst.<\/span><\/p>\n<p>[\/et_pb_text][\/et_pb_column][\/et_pb_row][et_pb_row _builder_version=&#8220;4.25.0&#8243; _module_preset=&#8220;default&#8220; border_radii=&#8220;on|1px|1px|1px|1px&#8220; global_colors_info=&#8220;{}&#8220;][et_pb_column type=&#8220;4_4&#8243; _builder_version=&#8220;4.25.0&#8243; _module_preset=&#8220;default&#8220; global_colors_info=&#8220;{}&#8220;][et_pb_text _builder_version=&#8220;4.25.0&#8243; _module_preset=&#8220;default&#8220; border_radii=&#8220;on|1px|1px|1px|1px&#8220; border_width_all=&#8220;1px&#8220; global_colors_info=&#8220;{}&#8220;]<\/p>\n<h2 align=\"center\"><span style=\"color: #0000ff;\"><\/span><\/h2>\n<h2 align=\"center\"><span style=\"color: #0000ff; font-size: medium;\">Satzung der Bemmschl\u00e4ger-Zunft Rheinbrohl<\/span><\/h2>\n<p><span style=\"color: #0000ff; font-size: medium;\"><\/span><\/p>\n<h2 align=\"center\"><span style=\"color: #0000ff; font-size: medium;\">Artikel A<br \/>Mitgliedschaft<\/span><\/h2>\n<h3><\/h3>\n<h3><span style=\"font-size: medium;\">Mitglied kann jeder unbescholtene katholische B\u00fcrger von Rheinbrohl werden, der das 16. Lebensjahr erreicht hat und seine Pflichten als katholischer Christ treu erf\u00fcllt.<\/span><\/h3>\n<h3><\/h3>\n<h3><span style=\"font-size: medium;\">Die Anmeldung als Mitglied geschieht m\u00fcndlich oder schriftlich beim Vorstand, der dem geistlichen Pr\u00e4ses der Bemmschl\u00e4gerzunft, dem jeweiligen Pfarrer von Rheinbrohl, Bericht erstattet. Vorstand und Pr\u00e4ses entscheiden \u00fcber die Aufnahme.<\/span><\/h3>\n<p><span style=\"font-size: medium;\">\u00a0<\/span><\/p>\n<h2 align=\"center\"><span style=\"color: #0000ff; font-size: medium;\">Artikel B<br \/>Zweck der Bemmschl\u00e4gerzunft<\/span><\/h2>\n<h3><\/h3>\n<h3><span style=\"font-size: medium;\">Die Bemmschl\u00e4gerzunft besorgt das feierliche Gel\u00e4ute, das sogenannte Bemmschlagen oder Beiern in der katholischen Pfarrkirche zu Rheinbrohl, und zwar vom Karsamstag bis Pfingsten, an Fronleichnam, Kirchweihfest und, wenn gew\u00fcnscht, auch an anderen Tagen.<\/span><\/h3>\n<p><span style=\"font-size: medium;\">\u00a0<\/span><\/p>\n<p><span style=\"font-size: medium;\">\u00a0<\/span><\/p>\n<div align=\"center\">\n<h2><span style=\"color: #0000ff; font-size: medium;\">Artikel C<br \/>Rechte und Pflichten der Bemmschl\u00e4ger<\/span><\/h2>\n<p><span style=\"color: #0000ff; font-size: medium;\"><\/span><\/p>\n<p><span style=\"color: #0000ff; font-size: medium;\"><\/span><\/p>\n<\/div>\n<h3><\/h3>\n<h3><span style=\"font-size: medium;\">Die Mitglieder sind berechtigt, den Versammlungen der Zunft beizuwohnen, Antr\u00e4ge zu stellen und an den Abstimmungen sich zu beteiligen. Letzte Instanz in allen kirchlichen Angelegenheiten ist der jeweilige Pfarrer von Rheinbrohl.<\/span><\/h3>\n<h3><\/h3>\n<h3><span style=\"font-size: medium;\">Den Mitgliedern, die das Bemmschlagen oder Beiern ausf\u00fchren, ist es strengstens untersagt, im Glockenstuhl zu rauchen oder zu trinken oder sonst sich unpassend oder ungeb\u00fchrlich zu betragen. Sollte ein Mitglied diese Verordnung nicht befolgen, wird es sofort durch den Vorstand ausgesto\u00dfen.<\/span><\/h3>\n<h3><\/h3>\n<h3><span style=\"font-size: medium;\">Mitglieder, die der Zunft entgegen arbeiten, werden von der Versammlung ausgeschlossen.<\/span><\/h3>\n<p><span style=\"font-size: medium;\">\u00a0<\/span><\/p>\n<p><span style=\"font-size: medium;\">\u00a0<\/span><\/p>\n<h2 align=\"center\"><span style=\"color: #0000ff; font-size: medium;\">Artikel D Der Vorstand<\/span><\/h2>\n<h3><\/h3>\n<h3><span style=\"font-size: medium;\">Die Angelegenheiten der Zunft werden geregelt durch einen aus f\u00fcnf Mitgliedern bestehenden Vorstand: 1 Vorsitzenden 1 Schriftf\u00fchrer 1 Kassierer 2 Beisitzern<\/span><\/h3>\n<div align=\"right\"><span style=\"font-size: medium;\"><i>gez. Der Vorstand gez. Der Pfarrer<\/i><\/span><\/div>\n<p>&nbsp;<\/p>\n<p>&nbsp;<\/p>\n<p>[\/et_pb_text][\/et_pb_column][\/et_pb_row][\/et_pb_section]<\/p>\n","protected":false},"excerpt":{"rendered":"<p>Die hier aufgef\u00fchrte Satzung entspricht der alt \u00fcberlieferten Satzung, die wir in einem historischen Protokollbuch finden konnten. Heute w\u00fcrde man sicherlich einige Dinge anders formulieren. Nat\u00fcrlich orientieren wir uns auch heute noch an den Richtlinien der Satzung, allerdings haben wir einzelne Punkte an die Gegenwart angepasst. So hat es sich bew\u00e4hrt, Entscheidungen nach gemeinsamer Beratung [&hellip;]<\/p>\n","protected":false},"author":1,"featured_media":0,"parent":0,"menu_order":0,"comment_status":"closed","ping_status":"closed","template":"","meta":{"_et_pb_use_builder":"on","_et_pb_old_content":"","_et_gb_content_width":"","footnotes":""},"class_list":["post-54","page","type-page","status-publish","hentry"],"_links":{"self":[{"href":"https:\/\/bemmschlaeger.de\/index.php?rest_route=\/wp\/v2\/pages\/54","targetHints":{"allow":["GET"]}}],"collection":[{"href":"https:\/\/bemmschlaeger.de\/index.php?rest_route=\/wp\/v2\/pages"}],"about":[{"href":"https:\/\/bemmschlaeger.de\/index.php?rest_route=\/wp\/v2\/types\/page"}],"author":[{"embeddable":true,"href":"https:\/\/bemmschlaeger.de\/index.php?rest_route=\/wp\/v2\/users\/1"}],"replies":[{"embeddable":true,"href":"https:\/\/bemmschlaeger.de\/index.php?rest_route=%2Fwp%2Fv2%2Fcomments&post=54"}],"version-history":[{"count":7,"href":"https:\/\/bemmschlaeger.de\/index.php?rest_route=\/wp\/v2\/pages\/54\/revisions"}],"predecessor-version":[{"id":64,"href":"https:\/\/bemmschlaeger.de\/index.php?rest_route=\/wp\/v2\/pages\/54\/revisions\/64"}],"wp:attachment":[{"href":"https:\/\/bemmschlaeger.de\/index.php?rest_route=%2Fwp%2Fv2%2Fmedia&parent=54"}],"curies":[{"name":"wp","href":"https:\/\/api.w.org\/{rel}","templated":true}]}}