{"id":8,"date":"2024-05-01T10:53:45","date_gmt":"2024-05-01T08:53:45","guid":{"rendered":"http:\/\/bemmschlaeger.de\/?page_id=8"},"modified":"2024-07-17T08:30:33","modified_gmt":"2024-07-17T06:30:33","slug":"home","status":"publish","type":"page","link":"https:\/\/bemmschlaeger.de\/","title":{"rendered":"Home"},"content":{"rendered":"<p>[et_pb_section fb_built=&#8220;1&#8243; _builder_version=&#8220;4.16&#8243; global_colors_info=&#8220;{}&#8220;][et_pb_row column_structure=&#8220;2_5,3_5&#8243; _builder_version=&#8220;4.16&#8243; global_colors_info=&#8220;{}&#8220;][et_pb_column type=&#8220;2_5&#8243; _builder_version=&#8220;4.16&#8243; global_colors_info=&#8220;{}&#8220;][et_pb_image src=&#8220;https:\/\/bemmschlaeger.de\/wp-content\/uploads\/2024\/04\/wappen.gif&#8220; _builder_version=&#8220;4.25.0&#8243; _dynamic_attributes=&#8220;url&#8220; global_colors_info=&#8220;{}&#8220;][\/et_pb_image][\/et_pb_column][et_pb_column type=&#8220;3_5&#8243; _builder_version=&#8220;4.16&#8243; global_colors_info=&#8220;{}&#8220;][et_pb_text _builder_version=&#8220;4.25.0&#8243; _module_preset=&#8220;default&#8220; global_colors_info=&#8220;{}&#8220;]<span style=\"color: #333399; font-family: Verdana, Arial, Helvetica, sans-serif; font-size: 150%;\">Die \u201cBemmschl\u00e4ger-Zunft\u201c ist eine der traditionsreichsten Rheinbrohler Vereinigungen.<\/span><br \/>\n<span style=\"color: #333399; font-family: Verdana, Arial, Helvetica, sans-serif; font-size: 150%;\">Nur w\u00e4hrend der \u00f6sterlichen Zeit und zu besonderen Anl\u00e4ssen ist dieses seit Jahrhunderten \u00fcberliefere Festtagsgel\u00e4ut von Glockenturm des Hl. Suitbert in Rheinbrohl zu h\u00f6ren.<\/span><\/p>\n<p><span><\/span><br \/>\n<span style=\"color: #333399; font-family: Verdana, Arial, Helvetica, sans-serif; font-size: 150%;\">Das \u201cBemmschlagen\u201c, \u201cBamschlagen\u201c oder \u201cBeiern\u201c, wie es anderswo auch genannt wird, ist ein jahrhundertalter Brauch im Nordwesten Europas und die \u00e4ltesten Belege reichen im Rheinland bis ins 14. Jahrhundert zur\u00fcck.<\/span><span style=\"color: #333399; font-family: Verdana, Arial, Helvetica, sans-serif; font-size: 150%;\">Durch die Montage elektrischer L\u00e4utemaschinen und insbesondere durch den staatlichen Glockenraub in den beiden Weltkriegen kam in den meisten Orten der alte Brauch zum Erliegen.<\/span><br \/>\n<strong><span style=\"color: #0c71c3; font-family: Verdana, Arial, Helvetica, sans-serif; font-size: 150%;\">ABER nicht so in Rheinbrohl&#8230;<\/span><\/strong>[\/et_pb_text][\/et_pb_column][\/et_pb_row][et_pb_row _builder_version=&#8220;4.25.0&#8243; _module_preset=&#8220;default&#8220; global_colors_info=&#8220;{}&#8220;][et_pb_column type=&#8220;4_4&#8243; _builder_version=&#8220;4.25.0&#8243; _module_preset=&#8220;default&#8220; global_colors_info=&#8220;{}&#8220;][et_pb_audio audio=&#8220;https:\/\/bemmschlaeger.de\/wp-content\/uploads\/2024\/05\/bemm2.mp3&#8243; title=&#8220;H\u00f6ren Sie die Bemm&#8230;..&#8220; artist_name=&#8220;Bemmschl\u00e4ger Rheinbrohl&#8220; _builder_version=&#8220;4.25.0&#8243; _module_preset=&#8220;default&#8220; hover_enabled=&#8220;0&#8243; global_colors_info=&#8220;{}&#8220; title_text=&#8220;bemm2&#8243; sticky_enabled=&#8220;0&#8243;][\/et_pb_audio][\/et_pb_column][\/et_pb_row][\/et_pb_section]<\/p>\n","protected":false},"excerpt":{"rendered":"<p>Die \u201cBemmschl\u00e4ger-Zunft\u201c ist eine der traditionsreichsten Rheinbrohler Vereinigungen. Nur w\u00e4hrend der \u00f6sterlichen Zeit und zu besonderen Anl\u00e4ssen ist dieses seit Jahrhunderten \u00fcberliefere Festtagsgel\u00e4ut von Glockenturm des Hl. Suitbert in Rheinbrohl zu h\u00f6ren. Das \u201cBemmschlagen\u201c, \u201cBamschlagen\u201c oder \u201cBeiern\u201c, wie es anderswo auch genannt wird, ist ein jahrhundertalter Brauch im Nordwesten Europas und die \u00e4ltesten Belege reichen [&hellip;]<\/p>\n","protected":false},"author":1,"featured_media":0,"parent":0,"menu_order":0,"comment_status":"closed","ping_status":"closed","template":"","meta":{"_et_pb_use_builder":"on","_et_pb_old_content":"<!-- wp:image {\"id\":9,\"width\":\"237px\",\"height\":\"auto\",\"sizeSlug\":\"full\",\"linkDestination\":\"none\"} -->\r\n<figure class=\"wp-block-image size-full is-resized\"><img src=\"http:\/\/bemmschlaeger.de\/wp-content\/uploads\/2024\/04\/wappen.gif\" alt=\"\" class=\"wp-image-9\" style=\"width:237px;height:auto\"\/><\/figure>\r\n<!-- \/wp:image -->","_et_gb_content_width":"","footnotes":""},"class_list":["post-8","page","type-page","status-publish","hentry"],"_links":{"self":[{"href":"https:\/\/bemmschlaeger.de\/index.php?rest_route=\/wp\/v2\/pages\/8","targetHints":{"allow":["GET"]}}],"collection":[{"href":"https:\/\/bemmschlaeger.de\/index.php?rest_route=\/wp\/v2\/pages"}],"about":[{"href":"https:\/\/bemmschlaeger.de\/index.php?rest_route=\/wp\/v2\/types\/page"}],"author":[{"embeddable":true,"href":"https:\/\/bemmschlaeger.de\/index.php?rest_route=\/wp\/v2\/users\/1"}],"replies":[{"embeddable":true,"href":"https:\/\/bemmschlaeger.de\/index.php?rest_route=%2Fwp%2Fv2%2Fcomments&post=8"}],"version-history":[{"count":9,"href":"https:\/\/bemmschlaeger.de\/index.php?rest_route=\/wp\/v2\/pages\/8\/revisions"}],"predecessor-version":[{"id":25460,"href":"https:\/\/bemmschlaeger.de\/index.php?rest_route=\/wp\/v2\/pages\/8\/revisions\/25460"}],"wp:attachment":[{"href":"https:\/\/bemmschlaeger.de\/index.php?rest_route=%2Fwp%2Fv2%2Fmedia&parent=8"}],"curies":[{"name":"wp","href":"https:\/\/api.w.org\/{rel}","templated":true}]}}